{"id":1963,"date":"2018-05-03T10:39:08","date_gmt":"2018-05-03T09:39:08","guid":{"rendered":"https:\/\/www.biathlon24.de\/?page_id=1963"},"modified":"2018-05-04T15:21:54","modified_gmt":"2018-05-04T14:21:54","slug":"online-streitbeilegung","status":"publish","type":"page","link":"https:\/\/www.biathlon24.de\/?page_id=1963","title":{"rendered":"Online Streitbeilegung"},"content":{"rendered":"<p><strong>Online-Streitbeilegung<\/strong><\/p>\n<p><strong><br \/>\nHinweis zur Online-Streitbeilegung gem\u00e4\u00df Art. 14 Abs. 1 ODR-VO: Die Europ\u00e4ische Kommission stellt eine Plattform zur Online-Streitbeilegung (OS) bereit, die Sie unter (<\/strong><strong><a href=\"http:\/\/ec.europa.eu\/consumers\/odr\/\">http:\/\/ec.europa.eu\/consumers\/odr\/<\/a><\/strong>&nbsp;<strong>) finden.<\/strong><\/p>\n<p>&nbsp;<\/p>\n<p><strong>Dar\u00fcber hinaus:<\/strong><\/p>\n<p><strong><br \/>\nHeike Jorg, <a href=\"http:\/\/biathlon24.de\/\">Biathlon24.de<\/a> nimmt nicht an einem Streitbeilegungsverfahren vor einer Verbraucherschlichtungsstelle teil.<\/strong><\/p>\n","protected":false},"excerpt":{"rendered":"<p>Online-Streitbeilegung Hinweis zur Online-Streitbeilegung gem\u00e4\u00df Art. 14 Abs. 1 ODR-VO: Die Europ\u00e4ische Kommission stellt eine Plattform zur Online-Streitbeilegung (OS) bereit, die Sie unter (http:\/\/ec.europa.eu\/consumers\/odr\/&nbsp;) finden. &nbsp; Dar\u00fcber hinaus: Heike Jorg, Biathlon24.de nimmt nicht an einem Streitbeilegungsverfahren vor einer Verbraucherschlichtungsstelle teil.<\/p>\n","protected":false},"author":12,"featured_media":0,"parent":0,"menu_order":0,"comment_status":"closed","ping_status":"closed","template":"","meta":{"ngg_post_thumbnail":0,"footnotes":""},"class_list":["post-1963","page","type-page","status-publish","hentry"],"_links":{"self":[{"href":"https:\/\/www.biathlon24.de\/index.php?rest_route=\/wp\/v2\/pages\/1963","targetHints":{"allow":["GET"]}}],"collection":[{"href":"https:\/\/www.biathlon24.de\/index.php?rest_route=\/wp\/v2\/pages"}],"about":[{"href":"https:\/\/www.biathlon24.de\/index.php?rest_route=\/wp\/v2\/types\/page"}],"author":[{"embeddable":true,"href":"https:\/\/www.biathlon24.de\/index.php?rest_route=\/wp\/v2\/users\/12"}],"replies":[{"embeddable":true,"href":"https:\/\/www.biathlon24.de\/index.php?rest_route=%2Fwp%2Fv2%2Fcomments&post=1963"}],"version-history":[{"count":3,"href":"https:\/\/www.biathlon24.de\/index.php?rest_route=\/wp\/v2\/pages\/1963\/revisions"}],"predecessor-version":[{"id":1974,"href":"https:\/\/www.biathlon24.de\/index.php?rest_route=\/wp\/v2\/pages\/1963\/revisions\/1974"}],"wp:attachment":[{"href":"https:\/\/www.biathlon24.de\/index.php?rest_route=%2Fwp%2Fv2%2Fmedia&parent=1963"}],"curies":[{"name":"wp","href":"https:\/\/api.w.org\/{rel}","templated":true}]}}