{"id":19,"date":"2011-11-01T16:00:51","date_gmt":"2011-11-01T15:00:51","guid":{"rendered":"https:\/\/www.biathlon24.de\/wordpress\/?page_id=19"},"modified":"2020-08-25T13:43:21","modified_gmt":"2020-08-25T12:43:21","slug":"impressum","status":"publish","type":"page","link":"https:\/\/www.biathlon24.de\/?page_id=19","title":{"rendered":"Impressum"},"content":{"rendered":"<p>Biathlon24.de<\/p>\n<p>Heike Jorg<br \/>\nDeutsch-Luxemburger Str. 39<br \/>\n44225 Dortmund<\/p>\n<p>Telefon: +49 (0)231 71 91 32<br \/>\nE-Mail:<a title=\"Schicken Sie mir eine E-Mail\" href=\"mailto:info@biathlon24.de\"> info@biathlon24.de<\/a><br \/>\nInternet: www.biathlon24.de<\/p>\n<p class=\"p1\"><span class=\"s1\">Wichtig!<br \/>\n<\/span><span style=\"font-size: inherit;\">Bitte beachten Sie:<\/span><\/p>\n<p class=\"p1\"><span class=\"s1\">Diese Internetpr\u00e4senz &nbsp;ist seit dem 31.12.2019<span class=\"Apple-converted-space\">&nbsp; <\/span>rein privat und nicht mehr gewerblich aktiv und&nbsp;<\/span><span style=\"font-size: inherit;\">dient nur noch informellen Zwecken. Der Datenschutz indes hat weiterhin seine G\u00fcltigkeit.<\/span><\/p>\n<p>Online-Streitbeilegung<\/p>\n<p>Hinweis zur Online-Streitbeilegung gem\u00e4\u00df Art. 14 Abs. 1 ODR-VO: Die Europ\u00e4ische Kommission stellt eine Plattform zur Online-Streitbeilegung (OS) bereit, die Sie unter (<a href=\"http:\/\/ec.europa.eu\/consumers\/odr\/\">http:\/\/ec.europa.eu\/consumers\/odr\/<\/a>&nbsp;) finden.<\/p>\n<p>&nbsp;<\/p>\n<p>Dar\u00fcber hinaus:<br \/>\nHeike Jorg, <a href=\"http:\/\/biathlon24.de\/\">Biathlon24.de<\/a> nimmt nicht an einem Streitbeilegungsverfahren vor einer Verbraucherschlichtungsstelle teil.<\/p>\n<p>Inhaltlich Verantwortlicher gem\u00e4\u00df \u00a7 10 Absatz 3 MDStV:<br \/>\nHeike Jorg (Anschrift wie oben)<\/p>\n<p>Haftungshinweis: Trotz sorgf\u00e4ltiger inhaltlicher Kontrolle \u00fcbernehmen wir keine Haftung f\u00fcr die Inhalte externer Links. F\u00fcr den Inhalt der verlinkten Seiten sind ausschlie\u00dflich deren Betreiber verantwortlich.<\/p>\n<p>Alle Bilder, Fotos und Logos auf dieser Website sind Eigentum von Biathlon24.de und bed\u00fcrfen zur Nutzung der Genehmigung und Anfrage. Das Urheberrecht des Skaterlogos liegt extern und ist anzufragen. Unerlaubte Nutzung stellt ein Vergehen gegen das Urheberrecht dar.<\/p>\n","protected":false},"excerpt":{"rendered":"<p>Biathlon24.de Heike Jorg Deutsch-Luxemburger Str. 39 44225 Dortmund Telefon: +49 (0)231 71 91 32 E-Mail: info@biathlon24.de Internet: www.biathlon24.de Wichtig! Bitte beachten Sie: Diese Internetpr\u00e4senz &nbsp;ist seit dem 31.12.2019&nbsp; rein privat und nicht mehr gewerblich aktiv und&nbsp;dient nur noch informellen Zwecken. Der Datenschutz indes hat weiterhin seine G\u00fcltigkeit. Online-Streitbeilegung Hinweis zur Online-Streitbeilegung gem\u00e4\u00df Art. 14 Abs. [&hellip;]<\/p>\n","protected":false},"author":12,"featured_media":0,"parent":0,"menu_order":5,"comment_status":"closed","ping_status":"closed","template":"","meta":{"ngg_post_thumbnail":0,"footnotes":""},"class_list":["post-19","page","type-page","status-publish","hentry"],"_links":{"self":[{"href":"https:\/\/www.biathlon24.de\/index.php?rest_route=\/wp\/v2\/pages\/19","targetHints":{"allow":["GET"]}}],"collection":[{"href":"https:\/\/www.biathlon24.de\/index.php?rest_route=\/wp\/v2\/pages"}],"about":[{"href":"https:\/\/www.biathlon24.de\/index.php?rest_route=\/wp\/v2\/types\/page"}],"author":[{"embeddable":true,"href":"https:\/\/www.biathlon24.de\/index.php?rest_route=\/wp\/v2\/users\/12"}],"replies":[{"embeddable":true,"href":"https:\/\/www.biathlon24.de\/index.php?rest_route=%2Fwp%2Fv2%2Fcomments&post=19"}],"version-history":[{"count":12,"href":"https:\/\/www.biathlon24.de\/index.php?rest_route=\/wp\/v2\/pages\/19\/revisions"}],"predecessor-version":[{"id":2225,"href":"https:\/\/www.biathlon24.de\/index.php?rest_route=\/wp\/v2\/pages\/19\/revisions\/2225"}],"wp:attachment":[{"href":"https:\/\/www.biathlon24.de\/index.php?rest_route=%2Fwp%2Fv2%2Fmedia&parent=19"}],"curies":[{"name":"wp","href":"https:\/\/api.w.org\/{rel}","templated":true}]}}